{"id":2,"date":"2024-04-05T08:51:51","date_gmt":"2024-04-05T08:51:51","guid":{"rendered":"https:\/\/alfa-ecoproject.com\/?page_id=2"},"modified":"2024-04-22T17:37:36","modified_gmt":"2024-04-22T17:37:36","slug":"privacy-policy","status":"publish","type":"page","link":"https:\/\/alfa-ecoproject.com\/en\/privacy-policy\/","title":{"rendered":"Privacy Policy"},"content":{"rendered":"<div data-elementor-type=\"wp-page\" data-elementor-id=\"2\" class=\"elementor elementor-2\">\n\t\t\t\t<div class=\"elementor-element elementor-element-13da9977 e-flex e-con-boxed e-con e-parent\" data-id=\"13da9977\" data-element_type=\"container\">\n\t\t\t\t\t<div class=\"e-con-inner\">\n\t\t\t\t<div class=\"elementor-element elementor-element-3d951d3f elementor-widget elementor-widget-text-editor\" data-id=\"3d951d3f\" data-element_type=\"widget\" data-widget_type=\"text-editor.default\">\n\t\t\t\t<div class=\"elementor-widget-container\">\n\t\t\t<style>\/*! elementor - v3.21.0 - 18-04-2024 *\/\n.elementor-widget-text-editor.elementor-drop-cap-view-stacked .elementor-drop-cap{background-color:#69727d;color:#fff}.elementor-widget-text-editor.elementor-drop-cap-view-framed .elementor-drop-cap{color:#69727d;border:3px solid;background-color:transparent}.elementor-widget-text-editor:not(.elementor-drop-cap-view-default) .elementor-drop-cap{margin-top:8px}.elementor-widget-text-editor:not(.elementor-drop-cap-view-default) .elementor-drop-cap-letter{width:1em;height:1em}.elementor-widget-text-editor .elementor-drop-cap{float:left;text-align:center;line-height:1;font-size:50px}.elementor-widget-text-editor .elementor-drop-cap-letter{display:inline-block}<\/style>\t\t\t\t<!-- wp:paragraph -->\n<p align=\"justify\">In attuazione del regolamento UE 2016\/679 e delle normative vigenti le forniamo le seguenti informazioni attinenti ai trattamenti e alla protezione dei suoi dati personali<\/p>\n<p align=\"justify\"><b><br \/>Titolare del Trattamento<\/b><\/p>\n<p align=\"justify\">Il titolare del trattamento \u00e8\u00a0Alfa-Ecoproject S.R.L. Strada Vignolese, 1175\/6 &#8211; 41126 &#8211; Modena (MO) &#8211; Italia &#8211; P.I. 03450490366, mail info@alfa-ecoproject.it<br \/><br \/><\/p>\n<p align=\"justify\"><b>Finalit\u00e0<\/b><\/p>\n<p align=\"justify\">I dati personali identificativi raccolti presso l\u2019interessato, utilizzatore del sito, costituiscono oggetto del trattamento e sono trattati ed utilizzati direttamente per le seguenti finalit\u00e0:<\/p>\n<p align=\"justify\">(a) per dar seguito alla richiesta dell\u2019utente in merito alla richiesta di informazioni correlate alle attivit\u00e0 aziendali o per altre richieste da parte del cliente, nonch\u00e9 per il perseguimento di finalit\u00e0 a ci\u00f2 strumentali e\/o complementari, quali l\u2019archiviazione, l\u2019elaborazione nel completo rispetto del principio della correttezza e della liceit\u00e0 e delle disposizioni di legge.<\/p>\n<p align=\"justify\">(b) per l\u2019invio di comunicazioni su future iniziative commerciali e promozionali; annunci di servizi e offerte propri del titolare e per l\u2019invio di messaggi informativi e promozionali relativi alla sua attivit\u00e0, nonch\u00e9 per le finalit\u00e0 a ci\u00f2 connesse e strumentali.<br \/><br \/><\/p>\n<p align=\"justify\"><b>Destinatari<\/b><\/p>\n<p align=\"justify\">I dati raccolti non saranno diffusi, venduti o scambiati con soggetti terzi senza il suo esplicito consenso, salvo eventuali e limitate comunicazioni che si rendano necessarie per evadere la richiesta.<br \/><br \/><\/p>\n<p align=\"justify\"><b>Periodo di Conservazione<\/b><\/p>\n<p align=\"justify\">I dati da lei forniti saranno conservati non oltre 2 anni dall\u2019ultimo contatto o corrispondenza attiva e comunque non oltre la sua eventuale richiesta di cancellazione.<br \/><br \/><\/p>\n<p align=\"justify\"><b>Diritti dell\u2019interessato<\/b><\/p>\n<p align=\"justify\">Lei ha facolt\u00e0 di chiedere al titolare del trattamento l\u2019accesso ai suoi dati personali, la rettifica, la cancellazione degli stessi o eventualmente la limitazione del trattamento. Lei pu\u00f2 sempre richiedere specifica completa del trattamento e dei suoi diritti scrivendo ai contatti messi a disposizione dal Titolare ed indicati ad inizio informativa.<br \/><br \/><\/p>\n<p align=\"justify\"><b>Revoca del Consenso<\/b><\/p>\n<p align=\"justify\">Lei pu\u00f2 interrompere in qualsiasi istante i trattamenti oggetto di questa informativa, scrivendo le sue intenzioni al Titolare del trattamento, senza che ci\u00f2 comunque pregiudichi le operazioni effettuate lecitamente fino a quel momento<br \/><br \/><\/p>\n<p align=\"justify\"><b>Diritto di Reclamo<\/b><\/p>\n<p align=\"justify\">Se ritiene che il trattamento che la riguarda violi il Regolamento GDPR EU-2016\/679 ha il diritto di proporre reclamo all\u2019Autorit\u00e0 Garante per la Protezione dei Dati Personali attraverso i contatti reperibili sul sito web https:\/\/www.garanteprivacy.it\/<\/p>\n<!-- \/wp:paragraph -->\t\t\t\t\t\t<\/div>\n\t\t\t\t<\/div>\n\t\t\t\t\t<\/div>\n\t\t\t\t<\/div>\n\t\t\t\t<\/div>","protected":false},"excerpt":{"rendered":"<p>In attuazione del regolamento UE 2016\/679 e delle normative vigenti le forniamo le seguenti informazioni attinenti ai trattamenti e alla protezione dei suoi dati personali Titolare del Trattamento Il titolare del trattamento \u00e8\u00a0Alfa-Ecoproject S.R.L. Strada Vignolese, 1175\/6 &#8211; 41126 &#8211; Modena (MO) &#8211; Italia &#8211; P.I. 03450490366, mail info@alfa-ecoproject.it Finalit\u00e0 I dati personali identificativi raccolti [&hellip;]<\/p>","protected":false},"author":1,"featured_media":0,"parent":0,"menu_order":0,"comment_status":"closed","ping_status":"closed","template":"","meta":{"footnotes":""},"class_list":["post-2","page","type-page","status-publish","hentry"],"_links":{"self":[{"href":"https:\/\/alfa-ecoproject.com\/en\/wp-json\/wp\/v2\/pages\/2","targetHints":{"allow":["GET"]}}],"collection":[{"href":"https:\/\/alfa-ecoproject.com\/en\/wp-json\/wp\/v2\/pages"}],"about":[{"href":"https:\/\/alfa-ecoproject.com\/en\/wp-json\/wp\/v2\/types\/page"}],"author":[{"embeddable":true,"href":"https:\/\/alfa-ecoproject.com\/en\/wp-json\/wp\/v2\/users\/1"}],"replies":[{"embeddable":true,"href":"https:\/\/alfa-ecoproject.com\/en\/wp-json\/wp\/v2\/comments?post=2"}],"version-history":[{"count":4,"href":"https:\/\/alfa-ecoproject.com\/en\/wp-json\/wp\/v2\/pages\/2\/revisions"}],"predecessor-version":[{"id":316,"href":"https:\/\/alfa-ecoproject.com\/en\/wp-json\/wp\/v2\/pages\/2\/revisions\/316"}],"wp:attachment":[{"href":"https:\/\/alfa-ecoproject.com\/en\/wp-json\/wp\/v2\/media?parent=2"}],"curies":[{"name":"wp","href":"https:\/\/api.w.org\/{rel}","templated":true}]}}